{"id":1391,"date":"2024-06-13T10:48:05","date_gmt":"2024-06-13T10:48:05","guid":{"rendered":"https:\/\/kehidarelax.hu\/?page_id=1391"},"modified":"2024-06-13T10:49:56","modified_gmt":"2024-06-13T10:49:56","slug":"hazirend-2","status":"publish","type":"page","link":"https:\/\/kehidarelax.hu\/de\/hazirend-2\/","title":{"rendered":"Hausordnung"},"content":{"rendered":"<div data-elementor-type=\"wp-page\" data-elementor-id=\"1391\" class=\"elementor elementor-1391\" data-elementor-post-type=\"page\">\n\t\t\t\t<div class=\"elementor-element elementor-element-79c54cc e-con-full e-flex e-con e-parent\" data-id=\"79c54cc\" data-element_type=\"container\">\n\t\t\t\t<div class=\"elementor-element elementor-element-d00ed13 de_scroll_animation_no elementor-widget elementor-widget-heading\" data-id=\"d00ed13\" data-element_type=\"widget\" data-widget_type=\"heading.default\">\n\t\t\t\t<div class=\"elementor-widget-container\">\n\t\t\t<style>\/*! elementor - v3.21.0 - 30-04-2024 *\/\n.elementor-heading-title{padding:0;margin:0;line-height:1}.elementor-widget-heading .elementor-heading-title[class*=elementor-size-]>a{color:inherit;font-size:inherit;line-height:inherit}.elementor-widget-heading .elementor-heading-title.elementor-size-small{font-size:15px}.elementor-widget-heading .elementor-heading-title.elementor-size-medium{font-size:19px}.elementor-widget-heading .elementor-heading-title.elementor-size-large{font-size:29px}.elementor-widget-heading .elementor-heading-title.elementor-size-xl{font-size:39px}.elementor-widget-heading .elementor-heading-title.elementor-size-xxl{font-size:59px}<\/style><h2 class=\"elementor-heading-title elementor-size-default\">H\u00c1ZIREND<\/h2>\t\t<\/div>\n\t\t\t\t<\/div>\n\t\t\t\t<div class=\"elementor-element elementor-element-a44650b de_scroll_animation_no elementor-widget elementor-widget-text-editor\" data-id=\"a44650b\" data-element_type=\"widget\" data-widget_type=\"text-editor.default\">\n\t\t\t\t<div class=\"elementor-widget-container\">\n\t\t\t<style>\/*! elementor - v3.21.0 - 30-04-2024 *\/\n.elementor-widget-text-editor.elementor-drop-cap-view-stacked .elementor-drop-cap{background-color:#69727d;color:#fff}.elementor-widget-text-editor.elementor-drop-cap-view-framed .elementor-drop-cap{color:#69727d;border:3px solid;background-color:transparent}.elementor-widget-text-editor:not(.elementor-drop-cap-view-default) .elementor-drop-cap{margin-top:8px}.elementor-widget-text-editor:not(.elementor-drop-cap-view-default) .elementor-drop-cap-letter{width:1em;height:1em}.elementor-widget-text-editor .elementor-drop-cap{float:left;text-align:center;line-height:1;font-size:50px}.elementor-widget-text-editor .elementor-drop-cap-letter{display:inline-block}<\/style>\t\t\t\t<p><b>Kehida Relax Apartmanh\u00e1z<\/b><\/p><p><span style=\"font-weight: 400;\">8360 Keszthely, M\u00f3ricz Zsigmond utca 2.<\/span><span style=\"font-weight: 400;\"><br \/><\/span><span style=\"font-weight: 400;\">Viviera Trade Kft.<\/span><span style=\"font-weight: 400;\"><br \/><\/span><span style=\"font-weight: 400;\">Taxnummer:24074622<\/span><span style=\"font-weight: 400;\"><br \/><\/span><span style=\"font-weight: 400;\">hello@kehidarelax.hu<\/span><\/p><p><span style=\"font-weight: 400;\">Um einen ungest\u00f6rten Urlaub in unserem Apartment zu gew\u00e4hrleisten, haben wir die wichtigsten Informationen f\u00fcr Sie zusammengefasst. Bitte lesen Sie diese aufmerksam durch!<\/span><\/p><h4><b>Check-in \/ Check-out<\/b><\/h4><p><span style=\"font-weight: 400;\">Die Unterkunft steht Ihnen am Anreisetag ab 15:00 Uhr und am Abreisetag bis 11:00 Uhr zur Verf\u00fcgung.<\/span><\/p><p><span style=\"font-weight: 400;\">Gegen eine zus\u00e4tzliche Geb\u00fchr ist ein fr\u00fcherer Check-in oder ein l\u00e4ngerer Aufenthalt am Abreisetag m\u00f6glich. In beiden F\u00e4llen ist eine vorherige Absprache erforderlich.<\/span><\/p><p><span style=\"font-weight: 400;\">Wenn Sie Ihren Aufenthalt w\u00e4hrend des gebuchten Zeitraums unterbrechen, erstatten wir die Unterkunftskosten nicht zur\u00fcck.<\/span><\/p><p><span style=\"font-weight: 400;\">Die Unterkunft darf nur von der im Voraus vereinbarten Anzahl von G\u00e4sten genutzt werden, was der Gastgeber ohne vorherige Ank\u00fcndigung \u00fcberpr\u00fcfen kann.<\/span><\/p><p><span style=\"font-weight: 400;\">Bei der Ankunft sind Sie verpflichtet, das Registrierungsformular leserlich auszuf\u00fcllen, und der Gastgeber wird die Daten anhand der Dokumente abgleichen.<\/span><\/p><p><span style=\"font-weight: 400;\">Unsere G\u00e4ste d\u00fcrfen nur mit dem Wissen und der Zustimmung des Gastgebers Besucher empfangen.<\/span><\/p><p><span style=\"font-weight: 400;\">Wir k\u00f6nnen in unserem Apartmenthaus keine Haustiere aufnehmen.<\/span><\/p><h4><b>Bezahlen<\/b><\/h4><p><span style=\"font-weight: 400;\">Nach der Best\u00e4tigung der Buchung muss der gesamte Unterkunftspreis innerhalb von 2 Stunden per \u00dcberweisung oder Online-Kreditkartenzahlung \u00fcber das Barion-System bezahlt werden.<\/span><\/p><p><span style=\"font-weight: 400;\">Ihre Buchung wird erst nach der vollst\u00e4ndigen Zahlung des Unterkunftspreises best\u00e4tigt.<\/span><\/p><p><span style=\"font-weight: 400;\">Wenn der Betrag nicht fristgerecht eingeht, wird unsere Buchungssoftware die Reservierung automatisch stornieren und die Daten werden wieder verf\u00fcgbar.<\/span><\/p><h4><b>Stornierung\/\u00c4nderung.<\/b><\/h4><p><span style=\"font-weight: 400;\">Die Buchung kann bis zum 30. Tag vor Anreise schriftlich kostenlos storniert werden.<\/span><\/p><p><span style=\"font-weight: 400;\">Bei Stornierungen ab dem 30. Tag vor Anreise bis zum Anreisetag ist eine R\u00fcckerstattung des gezahlten Unterkunftspreises nicht m\u00f6glich.<\/span><\/p><p><span style=\"font-weight: 400;\">Die R\u00fcckerstattung des Unterkunftspreises erfolgt innerhalb von 5 Werktagen.<\/span><\/p><p><span style=\"font-weight: 400;\">Sie k\u00f6nnen Ihre Buchung bis 3 Tage vor dem Anreisetag einmal kostenlos \u00e4ndern. Ab dem 3. Tag vor dem Anreisetag sind keine \u00c4nderungen mehr m\u00f6glich; \u00c4nderungen k\u00f6nnen nur durch eine neue Buchung vorgenommen werden, und der Serviceanbieter ist nicht verpflichtet, den gezahlten Betrag der urspr\u00fcnglichen Buchung zur\u00fcckzuzahlen.<\/span><\/p><p><span style=\"font-weight: 400;\">Wenn Sie aus irgendeinem Grund vor dem Ende des im Voraus gebuchten Zeitraums abreisen, sind Sie dennoch verpflichtet, die Unterkunftskosten f\u00fcr die gebuchten N\u00e4chte zu zahlen.<\/span><\/p><p><span style=\"font-weight: 400;\">Die Preise beinhalten nicht die Kurtaxe (IFA), die 650 HUF\/Person\/Nacht betr\u00e4gt.<\/span><\/p><p><span style=\"font-weight: 400;\">Die IFA ist bis zum Anreisetag per \u00dcberweisung oder am Anreisetag in bar oder mit Kreditkarte zu zahlen.<\/span><\/p><p><span style=\"font-weight: 400;\">Zahlungsmethoden: \u00dcber die Online-Plattform von Barion.<\/span><\/p><h4><b>Rauchen<\/b><\/h4><p><span style=\"font-weight: 400;\">Rauchen und offenes Feuer sind im Geb\u00e4ude strengstens VERBOTEN!<\/span><\/p><p><span style=\"font-weight: 400;\">Rauchen ist nur an den ausgewiesenen Stellen gestattet!<\/span><\/p><p><span style=\"font-weight: 400;\">Wir bitten unsere rauchenden G\u00e4ste, aus R\u00fccksicht auf die Sauberkeit auf dem Hof und auf dem gesamten Gel\u00e4nde des G\u00e4stehauses keine Zigarettenstummel herumzuwerfen, sondern diese in den bereitgestellten M\u00fclleimern zu entsorgen.<\/span><\/p><p><span style=\"font-weight: 400;\">Sollte aufgrund eines nicht eingehaltenen Gesetzes eine Ma\u00dfnahme gegen den Gastgeber ergriffen werden, so ist der Gesetzesbrecher verpflichtet, die Kosten daf\u00fcr zu tragen. Diese Ma\u00dfnahme kann zu einer Anzeige und weiteren Verfahren f\u00fchren.<\/span><\/p><h4><b>Nutzung der Zimmer und Einrichtungsgegenst\u00e4nde<\/b><\/h4><p><span style=\"font-weight: 400;\">Bitte benutzen Sie die Einrichtungsgegenst\u00e4nde ordnungsgem\u00e4\u00df! Es ist verboten, die Einrichtung und Ausstattung der Zimmer, einschlie\u00dflich Handt\u00fcchern, Decken, Bettw\u00e4sche usw., aus dem Haus zu entfernen!<\/span><\/p><p><span style=\"font-weight: 400;\">M\u00f6bel d\u00fcrfen nur mit Zustimmung des Eigent\u00fcmers umgestellt werden.<\/span><\/p><p><span style=\"font-weight: 400;\">Bei Abreise werden die Zimmer inspiziert, und bei verursachten Sch\u00e4den werden die daraus resultierenden Kosten vor Ort vom Gast eingezogen.<\/span><\/p><p><span style=\"font-weight: 400;\">Es ist verboten, in die Zimmer brennbare oder explosive Materialien sowie Verkehrsmittel (Fahrr\u00e4der, Motorr\u00e4der usw.) einzubringen oder zu lagern.<\/span><\/p><p><span style=\"font-weight: 400;\">Bitte stellen Sie sicher, dass bei Verlassen des Zimmers die Klimaanlage und das Licht ausgeschaltet sind und die Wasserh\u00e4hne geschlossen sind.<\/span><\/p><p><span style=\"font-weight: 400;\">Sollten Sie einen Mangel feststellen, bitten wir Sie, dies sofort und unverz\u00fcglich dem Gastgeber zu melden, da wir nachtr\u00e4gliche Reklamationen nicht akzeptieren k\u00f6nnen.<\/span><\/p><p><span style=\"font-weight: 400;\">Im Falle eines Verlustes der \u00fcbergebenen Schl\u00fcssel und Fernbedienungen sind die G\u00e4ste verpflichtet, dies unverz\u00fcglich zu melden und den Preis sowie den Schlosswechsel dem Gastgeber zu erstatten.<\/span><\/p><p><span style=\"font-weight: 400;\">Der Gastgeber haftet nicht f\u00fcr eventuelle materielle Sch\u00e4den oder Unf\u00e4lle, die aus unsachgem\u00e4\u00dfer Benutzung entstehen.<\/span><\/p><h4><b>Essen<\/b><\/h4><p><span style=\"font-weight: 400;\">Die Apartments verf\u00fcgen \u00fcber gut ausgestattete K\u00fcchen, in denen einfache Mahlzeiten zubereitet werden k\u00f6nnen.<\/span><\/p><p><span style=\"font-weight: 400;\">Bitte legen Sie keine metallhaltigen Gegenst\u00e4nde in die Mikrowelle. Wir bitten Sie, in den Zimmern nicht zu essen, sondern dies nur in der K\u00fcche und im Essbereich zu tun!<\/span><\/p><h4><b>Reinigung<\/b><\/h4><p><span style=\"font-weight: 400;\">Die Zimmer werden den G\u00e4sten sauber und gereinigt \u00fcbergeben; sollten Probleme mit der Sauberkeit auftreten, informieren Sie bitte sofort den Gastgeber, da wir nachtr\u00e4gliche Reklamationen nicht akzeptieren k\u00f6nnen.<\/span><\/p><p><span style=\"font-weight: 400;\">W\u00e4hrend Ihres Aufenthalts erfolgt keine Reinigung, es sei denn, Sie w\u00fcnschen dies. Reinigungsanfragen k\u00f6nnen Sie beim Gastgeber stellen.<\/span><\/p><h4><b>Abfallentsorgung und -behandlung<\/b><\/h4><p><span style=\"font-weight: 400;\">Der Haushaltsabfall kann in den M\u00fclleimern in den K\u00fcchen der Apartments und in den Badezimmern der Zimmer gesammelt werden.<\/span><\/p><p><span style=\"font-weight: 400;\">Auf Anfrage entfernen wir den M\u00fcll w\u00e4hrend Ihres Aufenthalts aus den Apartments, oder er kann in den M\u00fcllcontainern vor der Unterkunft entsorgt werden.<\/span><\/p><p><span style=\"font-weight: 400;\">Bitte lassen Sie keinen Abfall auf den Fluren oder hinter T\u00fcren.<\/span><\/p><p><span style=\"font-weight: 400;\">Bitte werfen Sie keine nicht biologisch abbaubaren Hygieneabf\u00e4lle (Windeln, Damenbinden, Feuchtt\u00fccher) oder Speisereste in die Abfl\u00fcsse. Andernfalls tr\u00e4gt der Gast die Kosten f\u00fcr die Beseitigung von Verstopfungen und Wartung.<\/span><\/p><h4><b>Feuer machen, Kochen im Freien<\/b><\/h4><p><span style=\"font-weight: 400;\">Das Entz\u00fcnden von Feuer ist auf dem gesamten Gel\u00e4nde der Unterkunft verboten!<\/span><\/p><h4><b>Dienstleistungen<\/b><\/h4><p><span style=\"font-weight: 400;\">F\u00fcr die G\u00e4ste stehen kostenlose Parkpl\u00e4tze zur Verf\u00fcgung.<\/span><\/p><p><span style=\"font-weight: 400;\">Die Nutzung des WLAN ist kostenlos, das Passwort befindet sich in den Apartments.<\/span><\/p><p><span style=\"font-weight: 400;\">Die f\u00fcr die Nutzung der elektrischen Fensterrollos erforderlichen Fernbedienungen sind in den Apartments verf\u00fcgbar.<\/span><\/p><p><span style=\"font-weight: 400;\">Alle Apartments und Zimmer verf\u00fcgen \u00fcber eine Klimaanlage zum K\u00fchlen und Heizen, deren Kosten im Unterkunftspreis enthalten sind.<\/span><\/p><p><span style=\"font-weight: 400;\">Haustiere sind nicht erlaubt!<\/span><\/p><p><span style=\"font-weight: 400;\">F\u00fcr elektrisch betriebene Fahrzeuge steht nach vorheriger Absprache mit dem Gastgeber eine kostenlose Ladem\u00f6glichkeit zur Verf\u00fcgung.<\/span><\/p><h4><b>Sonstiges<\/b><\/h4><p><span style=\"font-weight: 400;\">Wertgegenst\u00e4nde, die im Zimmer vergessen wurden, k\u00f6nnen wir bis zu 2 Monate lang aufbewahren, und wenn Sie uns innerhalb dieses Zeitraums benachrichtigen, senden wir sie an die angegebene Adresse.<\/span><\/p><p><span style=\"font-weight: 400;\">Zur Sicherstellung der Ruhe unserer G\u00e4ste und Nachbarn ist es in den Apartments, auf den Terrassen und im Hof der Unterkunft zwischen 22.00 und 08.00 Uhr verboten, laut zu sein,<\/span><\/p><p><span style=\"font-weight: 400;\">Bitte beachten Sie, dass der Gastgeber keine Verantwortung \u00fcbernimmt und keine Entsch\u00e4digung f\u00fcr Sch\u00e4den leistet, die durch Ereignisse au\u00dferhalb seiner Kontrolle entstehen (z.B. Naturkatastrophen, Hagel, Feuer, Stromausf\u00e4lle, Sch\u00e4den auf dem Parkplatz usw.).<\/span><\/p><p><span style=\"font-weight: 400;\">Der Gastgeber beh\u00e4lt sich das Recht vor, G\u00e4ste, die sich skandal\u00f6s verhalten oder die Hausordnung nicht einhalten, nicht zu empfangen oder sofort von der Unterkunft zu entfernen.<\/span><\/p><h4><b>Datenschutz<\/b><\/h4><p><span style=\"font-weight: 400;\">Die jeweils g\u00fcltige Datenschutzrichtlinie ist ein wesentlicher Bestandteil dieser Nutzungsbedingungen. Durch die Annahme dieser Nutzungsbedingungen akzeptieren Sie auch die Bestimmungen der Datenschutzrichtlinie. Unsere jeweils g\u00fcltige Datenschutzrichtlinie k\u00f6nnen Sie hier einsehen: Datenschutzrichtlinie.<\/span><\/p><p><span style=\"font-weight: 400;\">Wir w\u00fcnschen Ihnen einen angenehmen Aufenthalt und eine sch\u00f6ne Zeit!<\/span><\/p>\t\t\t\t\t\t<\/div>\n\t\t\t\t<\/div>\n\t\t\t\t<\/div>\n\t\t\t\t<\/div>","protected":false},"excerpt":{"rendered":"<p>H\u00c1ZIREND Kehida Relax Apartmanh\u00e1z 8360 Keszthely, M\u00f3ricz Zsigmond utca 2.Viviera Trade Kft.Ad\u00f3sz\u00e1m: 24074622hello@kehidarelax.hu Az apartmanunkban elt\u00f6lt\u00f6tt zavartalan \u00fcd\u00fcl\u00e9s \u00e9rdek\u00e9ben \u00f6sszefoglaltuk [&hellip;]<\/p>","protected":false},"author":1,"featured_media":0,"parent":0,"menu_order":0,"comment_status":"closed","ping_status":"closed","template":"","meta":{"_acf_changed":false,"site-sidebar-layout":"no-sidebar","site-content-layout":"","ast-site-content-layout":"full-width-container","site-content-style":"default","site-sidebar-style":"default","ast-global-header-display":"","ast-banner-title-visibility":"","ast-main-header-display":"","ast-hfb-above-header-display":"","ast-hfb-below-header-display":"","ast-hfb-mobile-header-display":"","site-post-title":"disabled","ast-breadcrumbs-content":"","ast-featured-img":"disabled","footer-sml-layout":"","theme-transparent-header-meta":"","adv-header-id-meta":"","stick-header-meta":"","header-above-stick-meta":"","header-main-stick-meta":"","header-below-stick-meta":"","astra-migrate-meta-layouts":"default","ast-page-background-enabled":"default","ast-page-background-meta":{"desktop":{"background-color":"var(--ast-global-color-4)","background-image":"","background-repeat":"repeat","background-position":"center center","background-size":"auto","background-attachment":"scroll","background-type":"","background-media":"","overlay-type":"","overlay-color":"","overlay-gradient":""},"tablet":{"background-color":"","background-image":"","background-repeat":"repeat","background-position":"center center","background-size":"auto","background-attachment":"scroll","background-type":"","background-media":"","overlay-type":"","overlay-color":"","overlay-gradient":""},"mobile":{"background-color":"","background-image":"","background-repeat":"repeat","background-position":"center center","background-size":"auto","background-attachment":"scroll","background-type":"","background-media":"","overlay-type":"","overlay-color":"","overlay-gradient":""}},"ast-content-background-meta":{"desktop":{"background-color":"var(--ast-global-color-5)","background-image":"","background-repeat":"repeat","background-position":"center center","background-size":"auto","background-attachment":"scroll","background-type":"","background-media":"","overlay-type":"","overlay-color":"","overlay-gradient":""},"tablet":{"background-color":"var(--ast-global-color-5)","background-image":"","background-repeat":"repeat","background-position":"center center","background-size":"auto","background-attachment":"scroll","background-type":"","background-media":"","overlay-type":"","overlay-color":"","overlay-gradient":""},"mobile":{"background-color":"var(--ast-global-color-5)","background-image":"","background-repeat":"repeat","background-position":"center center","background-size":"auto","background-attachment":"scroll","background-type":"","background-media":"","overlay-type":"","overlay-color":"","overlay-gradient":""}},"footnotes":""},"class_list":["post-1391","page","type-page","status-publish","hentry"],"acf":[],"_links":{"self":[{"href":"https:\/\/kehidarelax.hu\/de\/wp-json\/wp\/v2\/pages\/1391","targetHints":{"allow":["GET"]}}],"collection":[{"href":"https:\/\/kehidarelax.hu\/de\/wp-json\/wp\/v2\/pages"}],"about":[{"href":"https:\/\/kehidarelax.hu\/de\/wp-json\/wp\/v2\/types\/page"}],"author":[{"embeddable":true,"href":"https:\/\/kehidarelax.hu\/de\/wp-json\/wp\/v2\/users\/1"}],"replies":[{"embeddable":true,"href":"https:\/\/kehidarelax.hu\/de\/wp-json\/wp\/v2\/comments?post=1391"}],"version-history":[{"count":7,"href":"https:\/\/kehidarelax.hu\/de\/wp-json\/wp\/v2\/pages\/1391\/revisions"}],"predecessor-version":[{"id":1398,"href":"https:\/\/kehidarelax.hu\/de\/wp-json\/wp\/v2\/pages\/1391\/revisions\/1398"}],"wp:attachment":[{"href":"https:\/\/kehidarelax.hu\/de\/wp-json\/wp\/v2\/media?parent=1391"}],"curies":[{"name":"wp","href":"https:\/\/api.w.org\/{rel}","templated":true}]}}